{"id":3220,"date":"2022-08-11T10:39:12","date_gmt":"2022-08-11T10:39:12","guid":{"rendered":"https:\/\/fgbocapital.com\/about"},"modified":"2022-10-11T12:39:14","modified_gmt":"2022-10-11T12:39:14","slug":"sobre-nosotros","status":"publish","type":"page","link":"https:\/\/fgbocapital.com\/es\/sobre-nosotros","title":{"rendered":"Sobre nosotros"},"content":{"rendered":"<p>[et_pb_section fb_built=\u00bb1&#8243; _builder_version=\u00bb4.17.6&#8243; _module_preset=\u00bbdefault\u00bb background_color=\u00bb#e8fcf2&#8243; background_image=\u00bbhttps:\/\/fgbocapital.com\/wp-content\/uploads\/2022\/08\/logo-verde-principal.svg\u00bb background_size=\u00bbcustom\u00bb background_image_width=\u00bb17%\u00bb background_position=\u00bbtop_right\u00bb background_horizontal_offset=\u00bb10%\u00bb background_vertical_offset=\u00bb-75%\u00bb background_color_tablet=\u00bbrgba(232,252,242,0.78)\u00bb background_color_phone=\u00bbrgba(232,252,242,0.9)\u00bb background_last_edited=\u00bbon|phone\u00bb background_enable_color_tablet=\u00bbon\u00bb background_enable_color_phone=\u00bbon\u00bb background_image_width_tablet=\u00bb32%\u00bb background_image_width_phone=\u00bb55%\u00bb background_horizontal_offset_tablet=\u00bb10%\u00bb background_horizontal_offset_phone=\u00bb10%\u00bb background_vertical_offset_tablet=\u00bb-100%\u00bb background_vertical_offset_phone=\u00bb-100%\u00bb background_blend_tablet=\u00bboverlay\u00bb da_disable_devices=\u00bboff|off|off\u00bb saved_tabs=\u00bball\u00bb locked=\u00bboff\u00bb global_colors_info=\u00bb{}\u00bb da_is_popup=\u00bboff\u00bb da_exit_intent=\u00bboff\u00bb da_has_close=\u00bbon\u00bb da_alt_close=\u00bboff\u00bb da_dark_close=\u00bboff\u00bb da_not_modal=\u00bbon\u00bb da_is_singular=\u00bboff\u00bb da_with_loader=\u00bboff\u00bb da_has_shadow=\u00bbon\u00bb][et_pb_row make_equal=\u00bbon\u00bb _builder_version=\u00bb4.17.6&#8243; _module_preset=\u00bbdefault\u00bb max_width=\u00bb80%\u00bb custom_css_main_element=\u00bbdisplay: flex;||flex-direction: row;||align-items: center;||\u00bb global_colors_info=\u00bb{}\u00bb custom_css_main_element_last_edited=\u00bbon|desktop\u00bb custom_css_main_element_tablet=\u00bbdisplay: block;||\u00bb custom_css_main_element_phone=\u00bbdisplay: block;||\u00bb][et_pb_column type=\u00bb4_4&#8243; _builder_version=\u00bb4.17.6&#8243; _module_preset=\u00bbdefault\u00bb global_colors_info=\u00bb{}\u00bb][et_pb_text _builder_version=\u00bb4.17.6&#8243; _module_preset=\u00bbdefault\u00bb text_font=\u00bb|300|||||||\u00bb text_font_size=\u00bb18px\u00bb text_line_height=\u00bb1.5em\u00bb header_font=\u00bb|600|||||||\u00bb header_font_size=\u00bb66px\u00bb header_line_height=\u00bb1.3em\u00bb text_orientation=\u00bbcenter\u00bb text_font_size_tablet=\u00bb16px\u00bb text_font_size_phone=\u00bb15px\u00bb text_font_size_last_edited=\u00bbon|desktop\u00bb header_font_size_tablet=\u00bb40px\u00bb header_font_size_phone=\u00bb30px\u00bb header_font_size_last_edited=\u00bbon|desktop\u00bb global_colors_info=\u00bb{}\u00bb]<\/p>\n<div data-framer-component-type=\"RichText\" class=\"framer-pb3vdz rich-text-wrapper\">\n<h1 data-framer-component-type=\"Text\" data-framer-name=\"We build technology\" class=\"framer-1lvcbz6\" data-projection-id=\"397\"><span>Sobre nosotros<br \/>\n<\/span><\/h1>\n<p>\u00bfQui\u00e9nes somos?<\/p>\n<\/div>\n<p>[\/et_pb_text][\/et_pb_column][\/et_pb_row][\/et_pb_section][et_pb_section fb_built=\u00bb1&#8243; _builder_version=\u00bb4.17.6&#8243; _module_preset=\u00bbdefault\u00bb da_disable_devices=\u00bboff|off|off\u00bb global_colors_info=\u00bb{}\u00bb da_is_popup=\u00bboff\u00bb da_exit_intent=\u00bboff\u00bb da_has_close=\u00bbon\u00bb da_alt_close=\u00bboff\u00bb da_dark_close=\u00bboff\u00bb da_not_modal=\u00bbon\u00bb da_is_singular=\u00bboff\u00bb da_with_loader=\u00bboff\u00bb da_has_shadow=\u00bbon\u00bb][et_pb_row column_structure=\u00bb2_5,3_5&#8243; make_equal=\u00bbon\u00bb _builder_version=\u00bb4.17.6&#8243; _module_preset=\u00bbdefault\u00bb max_width=\u00bb80%\u00bb custom_css_main_element=\u00bbdisplay:flex;||align-items:center;\u00bb global_colors_info=\u00bb{}\u00bb custom_css_main_element_last_edited=\u00bbon|phone\u00bb custom_css_main_element_tablet=\u00bbdisplay:block;\u00bb custom_css_main_element_phone=\u00bbdisplay:block;\u00bb][et_pb_column type=\u00bb2_5&#8243; _builder_version=\u00bb4.17.6&#8243; _module_preset=\u00bbdefault\u00bb global_colors_info=\u00bb{}\u00bb][et_pb_text _builder_version=\u00bb4.18.0&#8243; _module_preset=\u00bbdefault\u00bb text_font=\u00bb|300|||||||\u00bb text_line_height=\u00bb1.5em\u00bb header_font=\u00bb|600|||||||\u00bb header_font_size=\u00bb80px\u00bb header_line_height=\u00bb1.3em\u00bb header_2_font=\u00bb|600|||||||\u00bb header_2_font_size=\u00bb60px\u00bb header_2_line_height=\u00bb1.5em\u00bb hover_enabled=\u00bb0&#8243; text_font_size_tablet=\u00bb16px\u00bb text_font_size_phone=\u00bb15px\u00bb text_font_size_last_edited=\u00bbon|phone\u00bb header_font_size_tablet=\u00bb40px\u00bb header_font_size_phone=\u00bb30px\u00bb header_font_size_last_edited=\u00bbon|desktop\u00bb header_2_font_size_tablet=\u00bb30px\u00bb header_2_font_size_phone=\u00bb25px\u00bb header_2_font_size_last_edited=\u00bbon|phone\u00bb locked=\u00bboff\u00bb global_colors_info=\u00bb{}\u00bb sticky_enabled=\u00bb0&#8243;]<span class=\"\" style=\"color: #080808;\">\u2014 SOMOS<\/span><span class=\"\" style=\"color: #080808;\"><\/span><\/p>\n<h2><img src=\"\/wp-content\/uploads\/2022\/08\/fgbo.svg\" width=\"200\" height=\"200\" alt=\"\" class=\"wp-image-155 alignnone size-medium\" \/><\/h2>\n<p>FGBO Capital invierte en startups disruptivas de un amplio espectro de sectores, entre los que se incluyen la Inteligencia Artificial, la Tecnolog\u00eda de la Salud, la Tecnolog\u00eda Alimentaria, la Tecnolog\u00eda para la Educaci\u00f3n, los fondos de b\u00fasqueda y empresas a nivel<br \/>\nglobal.<\/p>\n<p>Proporcionamos un profundo apoyo operativo a los emprendedores y les ayudamos a construir empresas l\u00edderes en el mercado.<\/p>\n<p>Creemos en los emprendedores apasionados que buscan financiaci\u00f3n y tutor\u00eda en las primeras etapas.<\/p>\n<p><strong>Socio director: Emprendedor en serie e Inversor \u00e1ngel<\/strong><br \/>\nDr. Diego Rafael<br \/>\nDoctor en Medicina y Executive MBA IESE Business School[\/et_pb_text][et_pb_image src=\u00bbhttps:\/\/fgbocapital.com\/wp-content\/uploads\/2022\/09\/diego-rafael.jpg\u00bb title_text=\u00bbdiego-rafael\u00bb url=\u00bbhttps:\/\/www.linkedin.com\/in\/diego-rafael-ramirez\u00bb url_new_window=\u00bbon\u00bb _builder_version=\u00bb4.17.6&#8243; _module_preset=\u00bbdefault\u00bb width=\u00bb30%\u00bb width_tablet=\u00bb30%\u00bb width_phone=\u00bb100%\u00bb width_last_edited=\u00bbon|desktop\u00bb max_width=\u00bb100%\u00bb global_colors_info=\u00bb{}\u00bb][\/et_pb_image][\/et_pb_column][et_pb_column type=\u00bb3_5&#8243; _builder_version=\u00bb4.17.6&#8243; _module_preset=\u00bbdefault\u00bb global_colors_info=\u00bb{}\u00bb][wdcl_image_carousel is_autoplay=\u00bboff\u00bb arrow_type=\u00bbalongside\u00bb arrow_pos_hz=\u00bbright\u00bb arrow_color=\u00bb#ef8607&#8243; arrow_bg=\u00bbRGBA(255,255,255,0)\u00bb arrow_pos_y=\u00bb110%\u00bb arrow_pos_x=\u00bb-17px\u00bb arrow_border_color=\u00bb#333333&#8243; icon_left=\u00bb&#x34;||divi||400&#8243; icon_right=\u00bb&#x35;||divi||400&#8243; slide_count_tablet=\u00bb1&#8243; slide_count_phone=\u00bb1&#8243; slide_count_last_edited=\u00bbon|phone\u00bb _builder_version=\u00bb4.17.6&#8243; _module_preset=\u00bbdefault\u00bb locked=\u00bboff\u00bb global_colors_info=\u00bb{}\u00bb][wdcl_image_carousel_child photo=\u00bbhttps:\/\/fgbocapital.com\/wp-content\/uploads\/2022\/08\/gallery-2.webp\u00bb content_padding=\u00bb4vh|2vh|4vh|2vh|true|true\u00bb image_height=\u00bb400px\u00bb overlay_bg_color=\u00bbRGBA(255,255,255,0)\u00bb _builder_version=\u00bb4.17.6&#8243; _module_preset=\u00bbdefault\u00bb title_level=\u00bbh3&#8243; title_font=\u00bb|600|||||||\u00bb title_font_size=\u00bb20px\u00bb title_line_height=\u00bb1.5em\u00bb subtitle_font=\u00bb|300|||||||\u00bb subtitle_font_size=\u00bb14px\u00bb subtitle_line_height=\u00bb1.5em\u00bb background_enable_color=\u00bboff\u00bb title_font_size_tablet=\u00bb20px\u00bb title_font_size_phone=\u00bb20px\u00bb title_font_size_last_edited=\u00bbon|desktop\u00bb subtitle_font_size_last_edited=\u00bboff|desktop\u00bb border_radii_item=\u00bbon|10px|10px|10px|10px\u00bb global_colors_info=\u00bb{}\u00bb background__hover_enabled=\u00bbon|hover\u00bb background_color__hover=\u00bb#e8fcf2&#8243; background_enable_color__hover=\u00bbon\u00bb][\/wdcl_image_carousel_child][wdcl_image_carousel_child photo=\u00bbhttps:\/\/fgbocapital.com\/wp-content\/uploads\/2022\/08\/gallery-1.webp\u00bb content_padding=\u00bb4vh|2vh|4vh|2vh|true|true\u00bb image_height=\u00bb400px\u00bb overlay_bg_color=\u00bbRGBA(255,255,255,0)\u00bb _builder_version=\u00bb4.17.6&#8243; _module_preset=\u00bbdefault\u00bb title_level=\u00bbh3&#8243; title_font=\u00bb|600|||||||\u00bb title_font_size=\u00bb20px\u00bb title_line_height=\u00bb1.5em\u00bb subtitle_font=\u00bb|300|||||||\u00bb subtitle_font_size=\u00bb14px\u00bb subtitle_line_height=\u00bb1.5em\u00bb background_enable_color=\u00bboff\u00bb title_font_size_tablet=\u00bb20px\u00bb title_font_size_phone=\u00bb20px\u00bb title_font_size_last_edited=\u00bbon|desktop\u00bb subtitle_font_size_last_edited=\u00bboff|desktop\u00bb border_radii_item=\u00bbon|10px|10px|10px|10px\u00bb global_colors_info=\u00bb{}\u00bb background__hover_enabled=\u00bbon|hover\u00bb background_color__hover=\u00bb#e8fcf2&#8243; background_enable_color__hover=\u00bbon\u00bb][\/wdcl_image_carousel_child][wdcl_image_carousel_child photo=\u00bbhttps:\/\/fgbocapital.com\/wp-content\/uploads\/2022\/08\/gallery-3.webp\u00bb content_padding=\u00bb4vh|2vh|4vh|2vh|true|true\u00bb image_height=\u00bb400px\u00bb overlay_bg_color=\u00bbRGBA(255,255,255,0)\u00bb _builder_version=\u00bb4.17.6&#8243; _module_preset=\u00bbdefault\u00bb title_level=\u00bbh3&#8243; title_font=\u00bb|600|||||||\u00bb title_font_size=\u00bb20px\u00bb title_line_height=\u00bb1.5em\u00bb subtitle_font=\u00bb|300|||||||\u00bb subtitle_font_size=\u00bb14px\u00bb subtitle_line_height=\u00bb1.5em\u00bb background_enable_color=\u00bboff\u00bb title_font_size_tablet=\u00bb20px\u00bb title_font_size_phone=\u00bb20px\u00bb title_font_size_last_edited=\u00bbon|desktop\u00bb subtitle_font_size_last_edited=\u00bboff|desktop\u00bb border_radii_item=\u00bbon|10px|10px|10px|10px\u00bb global_colors_info=\u00bb{}\u00bb background__hover_enabled=\u00bbon|hover\u00bb background_color__hover=\u00bb#e8fcf2&#8243; background_enable_color__hover=\u00bbon\u00bb][\/wdcl_image_carousel_child][wdcl_image_carousel_child photo=\u00bbhttps:\/\/fgbocapital.com\/wp-content\/uploads\/2022\/08\/gallery-4.webp\u00bb content_padding=\u00bb4vh|2vh|4vh|2vh|true|true\u00bb image_height=\u00bb400px\u00bb overlay_bg_color=\u00bbRGBA(255,255,255,0)\u00bb _builder_version=\u00bb4.17.6&#8243; _module_preset=\u00bbdefault\u00bb title_level=\u00bbh3&#8243; title_font=\u00bb|600|||||||\u00bb title_font_size=\u00bb20px\u00bb title_line_height=\u00bb1.5em\u00bb subtitle_font=\u00bb|300|||||||\u00bb subtitle_font_size=\u00bb14px\u00bb subtitle_line_height=\u00bb1.5em\u00bb background_enable_color=\u00bboff\u00bb title_font_size_tablet=\u00bb20px\u00bb title_font_size_phone=\u00bb20px\u00bb title_font_size_last_edited=\u00bbon|desktop\u00bb subtitle_font_size_last_edited=\u00bboff|desktop\u00bb border_radii_item=\u00bbon|10px|10px|10px|10px\u00bb global_colors_info=\u00bb{}\u00bb background__hover_enabled=\u00bbon|hover\u00bb background_color__hover=\u00bb#e8fcf2&#8243; background_enable_color__hover=\u00bbon\u00bb][\/wdcl_image_carousel_child][\/wdcl_image_carousel][\/et_pb_column][\/et_pb_row][\/et_pb_section][et_pb_section fb_built=\u00bb1&#8243; _builder_version=\u00bb4.17.6&#8243; _module_preset=\u00bbdefault\u00bb background_color=\u00bb#e8fcf2&#8243; da_disable_devices=\u00bboff|off|off\u00bb locked=\u00bboff\u00bb global_colors_info=\u00bb{}\u00bb da_is_popup=\u00bboff\u00bb da_exit_intent=\u00bboff\u00bb da_has_close=\u00bbon\u00bb da_alt_close=\u00bboff\u00bb da_dark_close=\u00bboff\u00bb da_not_modal=\u00bbon\u00bb da_is_singular=\u00bboff\u00bb da_with_loader=\u00bboff\u00bb da_has_shadow=\u00bbon\u00bb][et_pb_row _builder_version=\u00bb4.17.6&#8243; _module_preset=\u00bbdefault\u00bb max_width=\u00bb80%\u00bb custom_padding=\u00bb0px||0px||true|false\u00bb global_colors_info=\u00bb{}\u00bb][et_pb_column type=\u00bb4_4&#8243; _builder_version=\u00bb4.17.6&#8243; _module_preset=\u00bbdefault\u00bb global_colors_info=\u00bb{}\u00bb][et_pb_text _builder_version=\u00bb4.17.6&#8243; _module_preset=\u00bbdefault\u00bb text_font=\u00bb|300|||||||\u00bb text_line_height=\u00bb1.5em\u00bb header_font=\u00bb|600|||||||\u00bb header_font_size=\u00bb80px\u00bb header_line_height=\u00bb1.3em\u00bb header_2_font=\u00bb|600|||||||\u00bb header_2_font_size=\u00bb30px\u00bb header_2_line_height=\u00bb35px\u00bb text_orientation=\u00bbcenter\u00bb text_font_size_tablet=\u00bb16px\u00bb text_font_size_phone=\u00bb15px\u00bb text_font_size_last_edited=\u00bbon|phone\u00bb header_font_size_tablet=\u00bb40px\u00bb header_font_size_phone=\u00bb30px\u00bb header_font_size_last_edited=\u00bbon|desktop\u00bb header_2_font_size_tablet=\u00bb30px\u00bb header_2_font_size_phone=\u00bb25px\u00bb header_2_font_size_last_edited=\u00bbon|phone\u00bb global_colors_info=\u00bb{}\u00bb]<span class=\"\" style=\"color: #080808;\">\u2014 NUESTRO PORTFOLIO \u2014<\/span><\/p>\n<h2>Apostamos por equipos que tengan un fuerte sentido de la propiedad, una mentalidad internacional y la ambici\u00f3n de crear  algo grande<\/h2>\n<p>[\/et_pb_text][\/et_pb_column][\/et_pb_row][et_pb_row column_structure=\u00bb1_4,1_4,1_4,1_4&#8243; use_custom_gutter=\u00bbon\u00bb gutter_width=\u00bb2&#8243; make_equal=\u00bbon\u00bb _builder_version=\u00bb4.17.6&#8243; _module_preset=\u00bbdefault\u00bb max_width=\u00bb80%\u00bb global_colors_info=\u00bb{}\u00bb][et_pb_column type=\u00bb1_4&#8243; _builder_version=\u00bb4.17.6&#8243; _module_preset=\u00bbdefault\u00bb background_color=\u00bb#FFFFFF\u00bb custom_padding=\u00bb7%|5%|7%|5%|true|true\u00bb border_radii=\u00bboff|50px||50px|\u00bb global_colors_info=\u00bb{}\u00bb][et_pb_image src=\u00bbhttps:\/\/fgbocapital.com\/wp-content\/uploads\/2022\/08\/logo4.jpg\u00bb title_text=\u00bblogo4&#8243; align=\u00bbcenter\u00bb _builder_version=\u00bb4.17.6&#8243; _module_preset=\u00bbdefault\u00bb global_colors_info=\u00bb{}\u00bb][\/et_pb_image][\/et_pb_column][et_pb_column type=\u00bb1_4&#8243; _builder_version=\u00bb4.17.6&#8243; _module_preset=\u00bbdefault\u00bb background_color=\u00bb#FFFFFF\u00bb custom_padding=\u00bb7%|5%|7%|5%|true|true\u00bb border_radii=\u00bboff|50px||50px|\u00bb global_colors_info=\u00bb{}\u00bb][et_pb_image src=\u00bbhttps:\/\/fgbocapital.com\/wp-content\/uploads\/2022\/08\/logo3.jpg\u00bb title_text=\u00bblogo3&#8243; align=\u00bbcenter\u00bb _builder_version=\u00bb4.17.6&#8243; _module_preset=\u00bbdefault\u00bb global_colors_info=\u00bb{}\u00bb][\/et_pb_image][\/et_pb_column][et_pb_column type=\u00bb1_4&#8243; _builder_version=\u00bb4.17.6&#8243; _module_preset=\u00bbdefault\u00bb background_color=\u00bb#FFFFFF\u00bb custom_padding=\u00bb7%|5%|7%|5%|true|true\u00bb border_radii=\u00bboff|50px||50px|\u00bb global_colors_info=\u00bb{}\u00bb][et_pb_image src=\u00bbhttps:\/\/fgbocapital.com\/wp-content\/uploads\/2022\/08\/logo2.jpg\u00bb title_text=\u00bblogo2&#8243; align=\u00bbcenter\u00bb _builder_version=\u00bb4.17.6&#8243; _module_preset=\u00bbdefault\u00bb global_colors_info=\u00bb{}\u00bb][\/et_pb_image][\/et_pb_column][et_pb_column type=\u00bb1_4&#8243; _builder_version=\u00bb4.17.6&#8243; _module_preset=\u00bbdefault\u00bb background_color=\u00bb#FFFFFF\u00bb custom_padding=\u00bb7%|5%|7%|5%|true|true\u00bb border_radii=\u00bboff|50px||50px|\u00bb global_colors_info=\u00bb{}\u00bb][et_pb_image src=\u00bbhttps:\/\/fgbocapital.com\/wp-content\/uploads\/2022\/08\/logo1.jpg\u00bb title_text=\u00bblogo1&#8243; align=\u00bbcenter\u00bb _builder_version=\u00bb4.17.6&#8243; _module_preset=\u00bbdefault\u00bb global_colors_info=\u00bb{}\u00bb][\/et_pb_image][\/et_pb_column][\/et_pb_row][et_pb_row _builder_version=\u00bb4.17.6&#8243; _module_preset=\u00bbdefault\u00bb max_width=\u00bb80%\u00bb custom_padding=\u00bb0px||0px||true|false\u00bb global_colors_info=\u00bb{}\u00bb][et_pb_column type=\u00bb4_4&#8243; _builder_version=\u00bb4.17.6&#8243; _module_preset=\u00bbdefault\u00bb global_colors_info=\u00bb{}\u00bb][et_pb_button button_url=\u00bb\/portfolio\/\u00bb button_text=\u00bbMira nuestro portfolio\u00bb button_alignment=\u00bbcenter\u00bb _builder_version=\u00bb4.17.6&#8243; _module_preset=\u00bbdefault\u00bb custom_button=\u00bbon\u00bb button_text_size=\u00bb17px\u00bb custom_padding=\u00bb10px|40px|10px|40px|true|true\u00bb button_text_size_tablet=\u00bb17px\u00bb button_text_size_phone=\u00bb15px\u00bb button_text_size_last_edited=\u00bbon|tablet\u00bb global_colors_info=\u00bb{}\u00bb][\/et_pb_button][\/et_pb_column][\/et_pb_row][\/et_pb_section][et_pb_section fb_built=\u00bb1&#8243; custom_padding_last_edited=\u00bbon|desktop\u00bb _builder_version=\u00bb4.17.6&#8243; _module_preset=\u00bbdefault\u00bb background_color=\u00bbrgba(255,255,255,0.9)\u00bb background_image=\u00bbhttps:\/\/fgbocapital.com\/wp-content\/uploads\/2022\/08\/logo-verde-principal.svg\u00bb background_size=\u00bbcustom\u00bb background_image_width=\u00bb30%\u00bb background_position=\u00bbtop_center\u00bb background_vertical_offset=\u00bb0%\u00bb background_blend=\u00bblighten\u00bb height_tablet=\u00bb\u00bb height_phone=\u00bb\u00bb height_last_edited=\u00bbon|desktop\u00bb custom_padding=\u00bb17vh||17vh||true|false\u00bb custom_padding_tablet=\u00bb9vh||9vh||true|false\u00bb custom_padding_phone=\u00bb9vh||9vh||true|false\u00bb background_last_edited=\u00bbon|tablet\u00bb background_image_width_tablet=\u00bb45%\u00bb background_vertical_offset_tablet=\u00bb-10%\u00bb da_disable_devices=\u00bboff|off|off\u00bb locked=\u00bboff\u00bb global_colors_info=\u00bb{}\u00bb da_is_popup=\u00bboff\u00bb da_exit_intent=\u00bboff\u00bb da_has_close=\u00bbon\u00bb da_alt_close=\u00bboff\u00bb da_dark_close=\u00bboff\u00bb da_not_modal=\u00bbon\u00bb da_is_singular=\u00bboff\u00bb da_with_loader=\u00bboff\u00bb da_has_shadow=\u00bbon\u00bb][et_pb_row _builder_version=\u00bb4.17.6&#8243; _module_preset=\u00bbdefault\u00bb max_width=\u00bb80%\u00bb custom_padding=\u00bb0px||0px||true|false\u00bb global_colors_info=\u00bb{}\u00bb][et_pb_column type=\u00bb4_4&#8243; _builder_version=\u00bb4.17.6&#8243; _module_preset=\u00bbdefault\u00bb global_colors_info=\u00bb{}\u00bb][et_pb_text _builder_version=\u00bb4.17.6&#8243; _module_preset=\u00bbdefault\u00bb text_font=\u00bb|300|||||||\u00bb text_line_height=\u00bb1.5em\u00bb header_font=\u00bb|600|||||||\u00bb header_font_size=\u00bb80px\u00bb header_line_height=\u00bb1.3em\u00bb header_2_font=\u00bb|600|||||||\u00bb header_2_font_size=\u00bb60px\u00bb header_2_line_height=\u00bb1.5em\u00bb text_orientation=\u00bbcenter\u00bb custom_margin=\u00bb||0px||false|false\u00bb custom_padding=\u00bb||0px||false|false\u00bb text_font_size_tablet=\u00bb16px\u00bb text_font_size_phone=\u00bb15px\u00bb text_font_size_last_edited=\u00bbon|phone\u00bb header_font_size_tablet=\u00bb40px\u00bb header_font_size_phone=\u00bb30px\u00bb header_font_size_last_edited=\u00bbon|desktop\u00bb header_2_font_size_tablet=\u00bb30px\u00bb header_2_font_size_phone=\u00bb25px\u00bb header_2_font_size_last_edited=\u00bbon|phone\u00bb global_colors_info=\u00bb{}\u00bb]<\/p>\n<div data-framer-component-type=\"RichText\" class=\"framer-pb3vdz rich-text-wrapper\">\n<p><span class=\"\" style=\"color: #080808;\">\u2014 <span>CONTACTA CON NOSOTROS<\/span><\/span>\u00a0\u2014<\/p>\n<h2>\u00bfTienes una idea y necesitas financiaci\u00f3n?<\/h2>\n<\/div>\n<div class=\"framer-ibq8eb-container\">\n<div data-framer-generated=\"true\" class=\"framer-kbOBQ framer-v-1nhj01x\">\n<div data-framer-stack-content-wrapper=\"true\" data-framer-stack-direction-reverse=\"false\" data-framer-stack-gap-enabled=\"true\" class=\"\">\n<div data-framer-legacy-stack-gap-enabled=\"true\" data-framer-stack-flexbox-gap=\"true\">\n<div data-framer-component-type=\"Text\" data-center=\"false\" class=\"framer-jaf9qs\"><\/div>\n<\/div>\n<\/div>\n<\/div>\n<\/div>\n<p>[\/et_pb_text][et_pb_button button_url=\u00bb\/contact\/\u00bb button_text=\u00bbPres\u00e9ntanos tu proyecto\u00bb button_alignment=\u00bbcenter\u00bb _builder_version=\u00bb4.17.6&#8243; _module_preset=\u00bbdefault\u00bb custom_button=\u00bbon\u00bb button_text_size=\u00bb17px\u00bb custom_padding=\u00bb10px|40px|10px|40px|true|true\u00bb button_text_size_tablet=\u00bb17px\u00bb button_text_size_phone=\u00bb15px\u00bb button_text_size_last_edited=\u00bbon|tablet\u00bb global_colors_info=\u00bb{}\u00bb][\/et_pb_button][\/et_pb_column][\/et_pb_row][\/et_pb_section]<\/p>\n","protected":false},"excerpt":{"rendered":"<p>Sobre nosotros \u00bfQui\u00e9nes somos? \u2014 SOMOS FGBO Capital invierte en startups disruptivas de un amplio espectro de sectores, entre los que se incluyen la Inteligencia Artificial, la Tecnolog\u00eda de la Salud, la Tecnolog\u00eda Alimentaria, la Tecnolog\u00eda para la Educaci\u00f3n, los fondos de b\u00fasqueda y empresas a nivel global. Proporcionamos un profundo apoyo operativo a los [&hellip;]<\/p>\n","protected":false},"author":1,"featured_media":0,"parent":0,"menu_order":0,"comment_status":"closed","ping_status":"closed","template":"","meta":{"_et_pb_use_builder":"on","_et_pb_old_content":"","_et_gb_content_width":""},"yoast_head":"<!-- This site is optimized with the Yoast SEO plugin v19.8 - https:\/\/yoast.com\/wordpress\/plugins\/seo\/ -->\n<title>Sobre nosotros - FGBO Capital<\/title>\n<meta name=\"robots\" content=\"index, follow, max-snippet:-1, max-image-preview:large, max-video-preview:-1\" \/>\n<link rel=\"canonical\" href=\"https:\/\/fgbocapital.com\/es\/sobre-nosotros\" \/>\n<meta property=\"og:locale\" content=\"es_ES\" \/>\n<meta property=\"og:type\" content=\"article\" \/>\n<meta property=\"og:title\" content=\"Sobre nosotros - FGBO Capital\" \/>\n<meta property=\"og:description\" content=\"Sobre nosotros \u00bfQui\u00e9nes somos? \u2014 SOMOS FGBO Capital invierte en startups disruptivas de un amplio espectro de sectores, entre los que se incluyen la Inteligencia Artificial, la Tecnolog\u00eda de la Salud, la Tecnolog\u00eda Alimentaria, la Tecnolog\u00eda para la Educaci\u00f3n, los fondos de b\u00fasqueda y empresas a nivel global. Proporcionamos un profundo apoyo operativo a los [&hellip;]\" \/>\n<meta property=\"og:url\" content=\"https:\/\/fgbocapital.com\/es\/sobre-nosotros\" \/>\n<meta property=\"og:site_name\" content=\"FGBO Capital\" \/>\n<meta property=\"article:modified_time\" content=\"2022-10-11T12:39:14+00:00\" \/>\n<meta name=\"twitter:card\" content=\"summary_large_image\" \/>\n<meta name=\"twitter:label1\" content=\"Tiempo de lectura\" \/>\n\t<meta name=\"twitter:data1\" content=\"10 minutos\" \/>\n<script type=\"application\/ld+json\" class=\"yoast-schema-graph\">{\"@context\":\"https:\/\/schema.org\",\"@graph\":[{\"@type\":\"WebPage\",\"@id\":\"https:\/\/fgbocapital.com\/es\/sobre-nosotros\",\"url\":\"https:\/\/fgbocapital.com\/es\/sobre-nosotros\",\"name\":\"Sobre nosotros - FGBO Capital\",\"isPartOf\":{\"@id\":\"https:\/\/fgbocapital.com\/es#website\"},\"datePublished\":\"2022-08-11T10:39:12+00:00\",\"dateModified\":\"2022-10-11T12:39:14+00:00\",\"breadcrumb\":{\"@id\":\"https:\/\/fgbocapital.com\/es\/sobre-nosotros#breadcrumb\"},\"inLanguage\":\"es\",\"potentialAction\":[{\"@type\":\"ReadAction\",\"target\":[\"https:\/\/fgbocapital.com\/es\/sobre-nosotros\"]}]},{\"@type\":\"BreadcrumbList\",\"@id\":\"https:\/\/fgbocapital.com\/es\/sobre-nosotros#breadcrumb\",\"itemListElement\":[{\"@type\":\"ListItem\",\"position\":1,\"name\":\"Home\",\"item\":\"https:\/\/fgbocapital.com\/es\"},{\"@type\":\"ListItem\",\"position\":2,\"name\":\"Sobre nosotros\"}]},{\"@type\":\"WebSite\",\"@id\":\"https:\/\/fgbocapital.com\/es#website\",\"url\":\"https:\/\/fgbocapital.com\/es\",\"name\":\"FGBO Capital\",\"description\":\"\",\"potentialAction\":[{\"@type\":\"SearchAction\",\"target\":{\"@type\":\"EntryPoint\",\"urlTemplate\":\"https:\/\/fgbocapital.com\/es?s={search_term_string}\"},\"query-input\":\"required name=search_term_string\"}],\"inLanguage\":\"es\"}]}<\/script>\n<!-- \/ Yoast SEO plugin. -->","yoast_head_json":{"title":"Sobre nosotros - FGBO Capital","robots":{"index":"index","follow":"follow","max-snippet":"max-snippet:-1","max-image-preview":"max-image-preview:large","max-video-preview":"max-video-preview:-1"},"canonical":"https:\/\/fgbocapital.com\/es\/sobre-nosotros","og_locale":"es_ES","og_type":"article","og_title":"Sobre nosotros - FGBO Capital","og_description":"Sobre nosotros \u00bfQui\u00e9nes somos? \u2014 SOMOS FGBO Capital invierte en startups disruptivas de un amplio espectro de sectores, entre los que se incluyen la Inteligencia Artificial, la Tecnolog\u00eda de la Salud, la Tecnolog\u00eda Alimentaria, la Tecnolog\u00eda para la Educaci\u00f3n, los fondos de b\u00fasqueda y empresas a nivel global. Proporcionamos un profundo apoyo operativo a los [&hellip;]","og_url":"https:\/\/fgbocapital.com\/es\/sobre-nosotros","og_site_name":"FGBO Capital","article_modified_time":"2022-10-11T12:39:14+00:00","twitter_card":"summary_large_image","twitter_misc":{"Tiempo de lectura":"10 minutos"},"schema":{"@context":"https:\/\/schema.org","@graph":[{"@type":"WebPage","@id":"https:\/\/fgbocapital.com\/es\/sobre-nosotros","url":"https:\/\/fgbocapital.com\/es\/sobre-nosotros","name":"Sobre nosotros - FGBO Capital","isPartOf":{"@id":"https:\/\/fgbocapital.com\/es#website"},"datePublished":"2022-08-11T10:39:12+00:00","dateModified":"2022-10-11T12:39:14+00:00","breadcrumb":{"@id":"https:\/\/fgbocapital.com\/es\/sobre-nosotros#breadcrumb"},"inLanguage":"es","potentialAction":[{"@type":"ReadAction","target":["https:\/\/fgbocapital.com\/es\/sobre-nosotros"]}]},{"@type":"BreadcrumbList","@id":"https:\/\/fgbocapital.com\/es\/sobre-nosotros#breadcrumb","itemListElement":[{"@type":"ListItem","position":1,"name":"Home","item":"https:\/\/fgbocapital.com\/es"},{"@type":"ListItem","position":2,"name":"Sobre nosotros"}]},{"@type":"WebSite","@id":"https:\/\/fgbocapital.com\/es#website","url":"https:\/\/fgbocapital.com\/es","name":"FGBO Capital","description":"","potentialAction":[{"@type":"SearchAction","target":{"@type":"EntryPoint","urlTemplate":"https:\/\/fgbocapital.com\/es?s={search_term_string}"},"query-input":"required name=search_term_string"}],"inLanguage":"es"}]}},"_links":{"self":[{"href":"https:\/\/fgbocapital.com\/es\/wp-json\/wp\/v2\/pages\/3220"}],"collection":[{"href":"https:\/\/fgbocapital.com\/es\/wp-json\/wp\/v2\/pages"}],"about":[{"href":"https:\/\/fgbocapital.com\/es\/wp-json\/wp\/v2\/types\/page"}],"author":[{"embeddable":true,"href":"https:\/\/fgbocapital.com\/es\/wp-json\/wp\/v2\/users\/1"}],"replies":[{"embeddable":true,"href":"https:\/\/fgbocapital.com\/es\/wp-json\/wp\/v2\/comments?post=3220"}],"version-history":[{"count":5,"href":"https:\/\/fgbocapital.com\/es\/wp-json\/wp\/v2\/pages\/3220\/revisions"}],"predecessor-version":[{"id":3337,"href":"https:\/\/fgbocapital.com\/es\/wp-json\/wp\/v2\/pages\/3220\/revisions\/3337"}],"wp:attachment":[{"href":"https:\/\/fgbocapital.com\/es\/wp-json\/wp\/v2\/media?parent=3220"}],"curies":[{"name":"wp","href":"https:\/\/api.w.org\/{rel}","templated":true}]}}